{"id":2,"date":"2016-05-10T03:48:21","date_gmt":"2016-05-10T03:48:21","guid":{"rendered":"http:\/\/wp452m.a10-52-158-154.qa.plesk.ru\/wordpress\/?page_id=2"},"modified":"2020-12-28T11:45:17","modified_gmt":"2020-12-28T11:45:17","slug":"sample-page","status":"publish","type":"page","link":"https:\/\/ag-net.de\/?page_id=2","title":{"rendered":"Mein Impressum"},"content":{"rendered":"<div class=\"region region-content\">\n<div id=\"block-system-main\" class=\"block block-system\">\n<div class=\"content\">\n<div id=\"node-6\" class=\"node node-page node-full clearfix\">\n<div class=\"content clearfix\">\n<div class=\"field field-name-body field-type-text-with-summary field-label-hidden\">\n<div class=\"field-items\">\n<div class=\"field-item even\">\n<p><strong>Impressum<\/strong><\/p>\n<p>Angaben gem\u00e4\u00df \u00a7 5 TMG<\/p>\n<p>Andreas Griese<br \/>\nBauernkamp 34<br \/>\n44339 Dortmund<\/p>\n<p><strong>Kontakt:<\/strong><br \/>\nTelefon: 0231-530 681 78<br \/>\nE-Mail: <span id=\"cloakf945512cf0376cb06df54c4fe4b8f1a8\"><a href=\"mailto:ag@ag-net.de\">ag@ag-net.de<\/a><\/span><\/p>\n<p class=\"western\"><b>Steuernummer: <\/b><\/p>\n<p class=\"western\"><b>316 \/ 2195 \/ 3566<\/b><\/p>\n<p class=\"western\"><b>Haftung f\u00fcr Inhalte:<\/b><\/p>\n<p class=\"western\">Im Sinne von \u00a7 7 Absatz 1 TMG sind wir f\u00fcr die eigenen Inhalte auf dieser Webseite verantwortlich. Durch \u00a7\u00a7 8 bis einschlie\u00dflich 10 TMG sind wir aber nicht verpflichtet, gespeicherte oder \u00fcbermittelte fremde Inhalte zu \u00fcberwachen oder diese auf Rechtswidrigkeit zu pr\u00fcfen. Das befreit uns jedoch nicht von der Pflicht, der Sperrung und Entfernung von Informationen nach geltenden Gesetzen nachzukommen.<\/p>\n<\/div>\n<\/div>\n<\/div>\n<\/div>\n<\/div>\n<\/div>\n<\/div>\n<\/div>\n","protected":false},"excerpt":{"rendered":"<p>Impressum Angaben gem\u00e4\u00df \u00a7 5 TMG Andreas Griese Bauernkamp 34 44339 Dortmund Kontakt: Telefon: 0231-530 681 78 E-Mail: ag@ag-net.de Steuernummer: 316 \/ 2195 \/ 3566 Haftung f\u00fcr Inhalte: Im Sinne von \u00a7 7 Absatz 1 TMG sind wir f\u00fcr die eigenen Inhalte auf dieser Webseite verantwortlich. Durch \u00a7\u00a7 8 bis einschlie\u00dflich 10 TMG sind wir &hellip; <a href=\"https:\/\/ag-net.de\/?page_id=2\" class=\"more-link\"><span class=\"screen-reader-text\">Mein Impressum<\/span> weiterlesen<\/a><\/p>\n","protected":false},"author":1,"featured_media":0,"parent":0,"menu_order":0,"comment_status":"closed","ping_status":"open","template":"","meta":{"footnotes":""},"class_list":["post-2","page","type-page","status-publish","hentry"],"_links":{"self":[{"href":"https:\/\/ag-net.de\/index.php?rest_route=\/wp\/v2\/pages\/2","targetHints":{"allow":["GET"]}}],"collection":[{"href":"https:\/\/ag-net.de\/index.php?rest_route=\/wp\/v2\/pages"}],"about":[{"href":"https:\/\/ag-net.de\/index.php?rest_route=\/wp\/v2\/types\/page"}],"author":[{"embeddable":true,"href":"https:\/\/ag-net.de\/index.php?rest_route=\/wp\/v2\/users\/1"}],"replies":[{"embeddable":true,"href":"https:\/\/ag-net.de\/index.php?rest_route=%2Fwp%2Fv2%2Fcomments&post=2"}],"version-history":[{"count":3,"href":"https:\/\/ag-net.de\/index.php?rest_route=\/wp\/v2\/pages\/2\/revisions"}],"predecessor-version":[{"id":86,"href":"https:\/\/ag-net.de\/index.php?rest_route=\/wp\/v2\/pages\/2\/revisions\/86"}],"wp:attachment":[{"href":"https:\/\/ag-net.de\/index.php?rest_route=%2Fwp%2Fv2%2Fmedia&parent=2"}],"curies":[{"name":"wp","href":"https:\/\/api.w.org\/{rel}","templated":true}]}}